{"id":274,"date":"2017-04-03T11:55:56","date_gmt":"2017-04-03T11:55:56","guid":{"rendered":"http:\/\/www.duinzicht.nl\/cookie-policy\/"},"modified":"2022-12-09T11:22:58","modified_gmt":"2022-12-09T11:22:58","slug":"cookie-policy","status":"publish","type":"page","link":"https:\/\/www.duinzicht.nl\/de\/cookie-policy\/","title":{"rendered":"Cookie Policy"},"content":{"rendered":"<p>Diese Website verwendet Cookies, d.h. kleine Textdateien, die auf Ihrem PC gespeichert werden, um die Leistung dieser Website zu verbessern und zu beschleunigen.<\/p>\n<p>Im Allgemeinen werden Cookies verwendet, um Ihre Pr\u00e4ferenzen zu verwalten, wie z. B. den Suchverlauf, Einkaufsinformationen und den Inhalt des Warenkorbs.<\/p>\n<p>Cookies erm\u00f6glichen auch die Nutzung von Tracking-Daten durch Dritte f\u00fcr Anwendungen wie Google Analytics. Auf diese Weise k\u00f6nnen wir uns ein besseres Bild davon machen, welche Seiten die Besucher auf unserer Website aufrufen. Es erleichtert Ihnen auch das Auffinden verschiedener Seiten auf unserer Website.<\/p>\n<p>Wenn Sie Cookies auf dieser und anderen Websites deaktivieren m\u00f6chten, empfehlen wir Ihnen, Cookies in Ihrem Browser zu deaktivieren. Es ist jedoch m\u00f6glich, dass Websites dann nur schwer heruntergeladen werden k\u00f6nnen. Weitere Informationen finden Sie im Hilfebereich Ihres Webbrowsers oder unter <a href=\"http:\/\/www.aboutcookies.org\">the About Cookies website<\/a>.<\/p>\n\n\n<figure class=\"wp-block-image size-large\"><a href=\"https:\/\/www.duinzicht.nl\/wp-content\/uploads\/2021\/11\/duinzicht-homepage-foto-paalhoofden.png\"><img loading=\"lazy\" decoding=\"async\" width=\"1024\" height=\"341\" src=\"https:\/\/www.duinzicht.nl\/wp-content\/uploads\/2021\/11\/duinzicht-homepage-foto-paalhoofden-1024x341.png\" alt=\"\" class=\"wp-image-21623\" srcset=\"https:\/\/www.duinzicht.nl\/wp-content\/uploads\/2021\/11\/duinzicht-homepage-foto-paalhoofden-1024x341.png 1024w, https:\/\/www.duinzicht.nl\/wp-content\/uploads\/2021\/11\/duinzicht-homepage-foto-paalhoofden-300x100.png 300w, https:\/\/www.duinzicht.nl\/wp-content\/uploads\/2021\/11\/duinzicht-homepage-foto-paalhoofden-768x256.png 768w, https:\/\/www.duinzicht.nl\/wp-content\/uploads\/2021\/11\/duinzicht-homepage-foto-paalhoofden-1536x512.png 1536w, https:\/\/www.duinzicht.nl\/wp-content\/uploads\/2021\/11\/duinzicht-homepage-foto-paalhoofden.png 1800w\" sizes=\"auto, (max-width: 1024px) 100vw, 1024px\" \/><\/a><\/figure>","protected":false},"excerpt":{"rendered":"<p>Deze website maakt gebruik van cookies, kleine text files die zijn geplaatst op uw pc om te helpen dat deze website beter en sneller presteert. Over het algemeen worden cookies gebruikt om uw voorkeuren te beheren zoals zoekgeschiedenis, winkelinformatie en &hellip; <a class=\"kt-excerpt-readmore\" href=\"https:\/\/www.duinzicht.nl\/de\/cookie-policy\/\" aria-label=\"Cookie Policy\">Weiterlesen<\/a><\/p>","protected":false},"author":1,"featured_media":0,"parent":0,"menu_order":0,"comment_status":"closed","ping_status":"closed","template":"","meta":{"om_disable_all_campaigns":false,"kt_blocks_editor_width":"","_monsterinsights_skip_tracking":false,"_monsterinsights_sitenote_active":false,"_monsterinsights_sitenote_note":"","_monsterinsights_sitenote_category":0,"_uf_show_specific_survey":0,"_uf_disable_surveys":false,"footnotes":""},"class_list":["post-274","page","type-page","status-publish","hentry"],"aioseo_notices":[],"_links":{"self":[{"href":"https:\/\/www.duinzicht.nl\/de\/wp-json\/wp\/v2\/pages\/274","targetHints":{"allow":["GET"]}}],"collection":[{"href":"https:\/\/www.duinzicht.nl\/de\/wp-json\/wp\/v2\/pages"}],"about":[{"href":"https:\/\/www.duinzicht.nl\/de\/wp-json\/wp\/v2\/types\/page"}],"author":[{"embeddable":true,"href":"https:\/\/www.duinzicht.nl\/de\/wp-json\/wp\/v2\/users\/1"}],"replies":[{"embeddable":true,"href":"https:\/\/www.duinzicht.nl\/de\/wp-json\/wp\/v2\/comments?post=274"}],"version-history":[{"count":0,"href":"https:\/\/www.duinzicht.nl\/de\/wp-json\/wp\/v2\/pages\/274\/revisions"}],"wp:attachment":[{"href":"https:\/\/www.duinzicht.nl\/de\/wp-json\/wp\/v2\/media?parent=274"}],"curies":[{"name":"wp","href":"https:\/\/api.w.org\/{rel}","templated":true}]}}