{"id":15566,"date":"2017-08-19T12:10:46","date_gmt":"2017-08-19T12:10:46","guid":{"rendered":"http:\/\/www.duinzicht.nl\/?page_id=15566"},"modified":"2024-11-02T11:03:32","modified_gmt":"2024-11-02T11:03:32","slug":"over-cadzand-bad","status":"publish","type":"page","link":"https:\/\/www.duinzicht.nl\/de\/over-cadzand-bad\/","title":{"rendered":"Over Cadzand-Bad"},"content":{"rendered":"<h2 style=\"text-align: center;\">\u00dcBER CADZAND-BAD<\/h2>\n<h2 style=\"text-align: center;\"><a href=\"http:\/\/www.duinzicht.nl\/wp-content\/uploads\/2017\/08\/Cadzand-Bad-jachthaven-avond.jpg\"><img loading=\"lazy\" decoding=\"async\" class=\"aligncenter wp-image-15590 size-full\" src=\"http:\/\/www.duinzicht.nl\/wp-content\/uploads\/2017\/08\/Cadzand-Bad-jachthaven-avond.jpg\" alt=\"\" width=\"1200\" height=\"448\" srcset=\"https:\/\/www.duinzicht.nl\/wp-content\/uploads\/2017\/08\/Cadzand-Bad-jachthaven-avond.jpg 1200w, https:\/\/www.duinzicht.nl\/wp-content\/uploads\/2017\/08\/Cadzand-Bad-jachthaven-avond-300x112.jpg 300w, https:\/\/www.duinzicht.nl\/wp-content\/uploads\/2017\/08\/Cadzand-Bad-jachthaven-avond-768x287.jpg 768w, https:\/\/www.duinzicht.nl\/wp-content\/uploads\/2017\/08\/Cadzand-Bad-jachthaven-avond-1024x382.jpg 1024w\" sizes=\"auto, (max-width: 1200px) 100vw, 1200px\" \/><\/a><\/h2>\n<p><strong>Cadzand-Bad:<br \/>\n<\/strong>Cadzand-Bad ist ein moderner Badeort an der s\u00fcdlichsten Spitze der Niederlande in Zeeuws-Vlaanderen. Der Badeort in den Niederlanden ist bekannt f\u00fcr seine weitl\u00e4ufigen, breiten Str\u00e4nde, die dort gefundenen Haifischz\u00e4hne und f\u00fcr Sonnenanbeter der Badeort mit den meisten Sonnenstunden pro Jahr. Neu in Cadzand-Bad ist die sch\u00f6ne Promenade, die Sie zum neuen Yachthafen f\u00fchrt. Die Einkaufspromenade hat vor kurzem ein sch\u00f6nes neues Gesicht bekommen.<\/p>\n<p>Werfen Sie auch einen Blick auf die Website <a href=\"https:\/\/cadzand.life\/explore\" target=\"_blank\" rel=\"noopener noreferrer\">Cadzand.live<\/a> !<\/p>\n<p>In Cadzand-Bad zijn tal van leuke winkels en goede restaurants. Hier vindt u toprestaurants maar ook zeer gezellige restaurants waar je heerlijk kunt eten zoals tapas restaurant Just Enjoy en Lunchroom Elan of leuke en luxe strandpaviljoens zoals De Piraat, Caricole, Moio Beach of de Zeemeeuw.<\/p>\n<div id=\"kad-wp-gallery156\" class=\"kad-wp-gallery gallery kt-gallery-column-3 init-isotope-intrinsic reinit-isotope kad-light-wp-gallery clearfix rowtight\" data-fade-in=\"1\" data-iso-selector=\".g_item\" data-iso-style=\"masonry\" data-iso-filter=\"false\"><div class=\"tcol-lg-4 tcol-md-4 tcol-sm-4 tcol-xs-6 tcol-ss-12 g_item\"><div class=\"grid_item kt_item_fade_in kad_gallery_fade_in gallery_item\"><a href=\"https:\/\/www.duinzicht.nl\/wp-content\/uploads\/2017\/08\/1-cadzand-bad-winkelcentrum.jpg\" data-rel=\"lightbox\" class=\"lightboxhover\"><div class=\"kt-intrinsic\" style=\"padding-bottom:66.666666666667%;\"><div itemprop=\"image\" itemscope itemtype=\"https:\/\/schema.org\/ImageObject\"><img loading=\"lazy\" decoding=\"async\" width=\"366\" height=\"244\" src=\"https:\/\/www.duinzicht.nl\/wp-content\/uploads\/2017\/08\/1-cadzand-bad-winkelcentrum-366x244.jpg\" srcset=\"\" sizes=\"auto, (max-width: 366px) 100vw, 366px\" data-caption=\"\" class=\"light-dropshaddow\" itemprop=\"contentUrl\" alt=\"winkelcentrum Cadzand-Bad\" data-srcset=\"\"><meta itemprop=\"url\" content=\"https:\/\/www.duinzicht.nl\/wp-content\/uploads\/2017\/08\/1-cadzand-bad-winkelcentrum-366x244.jpg\"><meta itemprop=\"width\" content=\"366px\"><meta itemprop=\"height\" content=\"244px\"><\/div><\/div><\/a><\/div><\/div><div class=\"tcol-lg-4 tcol-md-4 tcol-sm-4 tcol-xs-6 tcol-ss-12 g_item\"><div class=\"grid_item kt_item_fade_in kad_gallery_fade_in gallery_item\"><a href=\"https:\/\/www.duinzicht.nl\/wp-content\/uploads\/2017\/08\/2-cadzand-bad-boulevard.jpg\" data-rel=\"lightbox\" class=\"lightboxhover\"><div class=\"kt-intrinsic\" style=\"padding-bottom:66.393442622951%;\"><div itemprop=\"image\" itemscope itemtype=\"https:\/\/schema.org\/ImageObject\"><img loading=\"lazy\" decoding=\"async\" width=\"366\" height=\"243\" src=\"https:\/\/www.duinzicht.nl\/wp-content\/uploads\/2017\/08\/2-cadzand-bad-boulevard-366x243.jpg\" srcset=\"\" sizes=\"auto, (max-width: 366px) 100vw, 366px\" data-caption=\"\" class=\"light-dropshaddow\" itemprop=\"contentUrl\" alt=\"Cadzand-Bad\" data-srcset=\"\"><meta itemprop=\"url\" content=\"https:\/\/www.duinzicht.nl\/wp-content\/uploads\/2017\/08\/2-cadzand-bad-boulevard-366x243.jpg\"><meta itemprop=\"width\" content=\"366px\"><meta itemprop=\"height\" content=\"243px\"><\/div><\/div><\/a><\/div><\/div><div class=\"tcol-lg-4 tcol-md-4 tcol-sm-4 tcol-xs-6 tcol-ss-12 g_item\"><div class=\"grid_item kt_item_fade_in kad_gallery_fade_in gallery_item\"><a href=\"https:\/\/www.duinzicht.nl\/wp-content\/uploads\/2017\/08\/3-cadzand-bad-promenade.jpg\" data-rel=\"lightbox\" class=\"lightboxhover\"><div class=\"kt-intrinsic\" style=\"padding-bottom:66.666666666667%;\"><div itemprop=\"image\" itemscope itemtype=\"https:\/\/schema.org\/ImageObject\"><img loading=\"lazy\" decoding=\"async\" width=\"366\" height=\"244\" src=\"https:\/\/www.duinzicht.nl\/wp-content\/uploads\/2017\/08\/3-cadzand-bad-promenade-366x244.jpg\" srcset=\"\" sizes=\"auto, (max-width: 366px) 100vw, 366px\" data-caption=\"\" class=\"light-dropshaddow\" itemprop=\"contentUrl\" alt=\"kantoor duinzicht\" data-srcset=\"\"><meta itemprop=\"url\" content=\"https:\/\/www.duinzicht.nl\/wp-content\/uploads\/2017\/08\/3-cadzand-bad-promenade-366x244.jpg\"><meta itemprop=\"width\" content=\"366px\"><meta itemprop=\"height\" content=\"244px\"><\/div><\/div><\/a><\/div><\/div><\/div>\n<p><strong>Ruhe und Stille oder einfach aktiv:<\/strong><br \/>\nIn unmittelbarer N\u00e4he von Cadzand-Bad befinden sich wundersch\u00f6ne Naturschutzgebiete wie der Zwin. Ein Naturschutzgebiet zwischen der niederl\u00e4ndischen und der belgischen K\u00fcste. Ein sehr dynamisches Naturschutzgebiet, in das bei Flut das Meerwasser einstr\u00f6mt. Das salzhaltige Wasser sorgt f\u00fcr einen besonderen Pflanzenwuchs mit Begleittieren.<br \/>\nEin Muss f\u00fcr Ihren Urlaub ist es, ein Fahrrad zu mieten und die weiten D\u00fcnenwege zu genie\u00dfen und die Umgebung zu erkunden, indem Sie mit dem Fahrrad zu nahe gelegenen malerischen Orten wie Cadzand-Dorp oder Retranchement fahren. Sie k\u00f6nnen auch ein Boot mit einer kleinen Gruppe mieten, um zu angeln oder die Seehunde auf der Westerschelde zu beobachten.<\/p>\n<p><strong>Umgebung:<br \/>\n<\/strong><\/p>\n<p><strong>Sluis:<\/strong><br \/>\nGenie\u00dfen Sie einen Shoppingtag in der malerischen Stadt Sluis. Die Gesch\u00e4fte in Sluis sind jeden Sonntag im Jahr ge\u00f6ffnet. Die einzige niederl\u00e4ndische Stadt mit einem Glockenturm. Empfehlenswert ist auch ein Spaziergang auf den Stadtmauern von Sluis.<\/p>\n<div id=\"kad-wp-gallery289\" class=\"kad-wp-gallery gallery kt-gallery-column-3 init-isotope-intrinsic reinit-isotope kad-light-wp-gallery clearfix rowtight\" data-fade-in=\"1\" data-iso-selector=\".g_item\" data-iso-style=\"masonry\" data-iso-filter=\"false\"><div class=\"tcol-lg-4 tcol-md-4 tcol-sm-4 tcol-xs-6 tcol-ss-12 g_item\"><div class=\"grid_item kt_item_fade_in kad_gallery_fade_in gallery_item\"><a href=\"https:\/\/www.duinzicht.nl\/wp-content\/uploads\/2017\/08\/sluis1.jpg\" data-rel=\"lightbox\" class=\"lightboxhover\"><div class=\"kt-intrinsic\" style=\"padding-bottom:67.213114754098%;\"><div itemprop=\"image\" itemscope itemtype=\"https:\/\/schema.org\/ImageObject\"><img loading=\"lazy\" decoding=\"async\" width=\"366\" height=\"246\" src=\"https:\/\/www.duinzicht.nl\/wp-content\/uploads\/2017\/08\/sluis1-366x246.jpg\" srcset=\"\" sizes=\"auto, (max-width: 366px) 100vw, 366px\" data-caption=\"\" class=\"light-dropshaddow\" itemprop=\"contentUrl\" alt=\"Belfort\" data-srcset=\"\"><meta itemprop=\"url\" content=\"https:\/\/www.duinzicht.nl\/wp-content\/uploads\/2017\/08\/sluis1-366x246.jpg\"><meta itemprop=\"width\" content=\"366px\"><meta itemprop=\"height\" content=\"246px\"><\/div><\/div><\/a><\/div><\/div><div class=\"tcol-lg-4 tcol-md-4 tcol-sm-4 tcol-xs-6 tcol-ss-12 g_item\"><div class=\"grid_item kt_item_fade_in kad_gallery_fade_in gallery_item\"><a href=\"https:\/\/www.duinzicht.nl\/wp-content\/uploads\/2017\/08\/sluis2.jpg\" data-rel=\"lightbox\" class=\"lightboxhover\"><div class=\"kt-intrinsic\" style=\"padding-bottom:66.666666666667%;\"><div itemprop=\"image\" itemscope itemtype=\"https:\/\/schema.org\/ImageObject\"><img loading=\"lazy\" decoding=\"async\" width=\"366\" height=\"244\" src=\"https:\/\/www.duinzicht.nl\/wp-content\/uploads\/2017\/08\/sluis2-366x244.jpg\" srcset=\"\" sizes=\"auto, (max-width: 366px) 100vw, 366px\" data-caption=\"\" class=\"light-dropshaddow\" itemprop=\"contentUrl\" alt=\"Belfort in Sluis\" data-srcset=\"\"><meta itemprop=\"url\" content=\"https:\/\/www.duinzicht.nl\/wp-content\/uploads\/2017\/08\/sluis2-366x244.jpg\"><meta itemprop=\"width\" content=\"366px\"><meta itemprop=\"height\" content=\"244px\"><\/div><\/div><\/a><\/div><\/div><div class=\"tcol-lg-4 tcol-md-4 tcol-sm-4 tcol-xs-6 tcol-ss-12 g_item\"><div class=\"grid_item kt_item_fade_in kad_gallery_fade_in gallery_item\"><a href=\"https:\/\/www.duinzicht.nl\/wp-content\/uploads\/2017\/08\/sluis3.jpg\" data-rel=\"lightbox\" class=\"lightboxhover\"><div class=\"kt-intrinsic\" style=\"padding-bottom:66.666666666667%;\"><div itemprop=\"image\" itemscope itemtype=\"https:\/\/schema.org\/ImageObject\"><img loading=\"lazy\" decoding=\"async\" width=\"366\" height=\"244\" src=\"https:\/\/www.duinzicht.nl\/wp-content\/uploads\/2017\/08\/sluis3-366x244.jpg\" srcset=\"\" sizes=\"auto, (max-width: 366px) 100vw, 366px\" data-caption=\"\" class=\"light-dropshaddow\" itemprop=\"contentUrl\" alt=\"molen in Sluis\" data-srcset=\"\"><meta itemprop=\"url\" content=\"https:\/\/www.duinzicht.nl\/wp-content\/uploads\/2017\/08\/sluis3-366x244.jpg\"><meta itemprop=\"width\" content=\"366px\"><meta itemprop=\"height\" content=\"244px\"><\/div><\/div><\/a><\/div><\/div><\/div>\n<p><strong>Knokke:<\/strong><br \/>\nDer mond\u00e4ne belgische Badeort ist bekannt f\u00fcr das Casino, die internationalen Feuerwerksshows im August und die Rallye Zoute mit alten Sportwagen im Oktober. In Knokke k\u00f6nnen Sie auch in den gro\u00dfen Gesch\u00e4ften in der Lippenslaan oder in den Luxusgesch\u00e4ften in der Kustlaan gut einkaufen.<\/p>\n<div id=\"kad-wp-gallery353\" class=\"kad-wp-gallery gallery kt-gallery-column-3 init-isotope-intrinsic reinit-isotope kad-light-wp-gallery clearfix rowtight\" data-fade-in=\"1\" data-iso-selector=\".g_item\" data-iso-style=\"masonry\" data-iso-filter=\"false\"><div class=\"tcol-lg-4 tcol-md-4 tcol-sm-4 tcol-xs-6 tcol-ss-12 g_item\"><div class=\"grid_item kt_item_fade_in kad_gallery_fade_in gallery_item\"><a href=\"https:\/\/www.duinzicht.nl\/wp-content\/uploads\/2017\/08\/knokke1.jpg\" data-rel=\"lightbox\" class=\"lightboxhover\"><div class=\"kt-intrinsic\" style=\"padding-bottom:66.666666666667%;\"><div itemprop=\"image\" itemscope itemtype=\"https:\/\/schema.org\/ImageObject\"><img loading=\"lazy\" decoding=\"async\" width=\"366\" height=\"244\" src=\"https:\/\/www.duinzicht.nl\/wp-content\/uploads\/2017\/08\/knokke1-366x244.jpg\" srcset=\"\" sizes=\"auto, (max-width: 366px) 100vw, 366px\" data-caption=\"\" class=\"light-dropshaddow\" itemprop=\"contentUrl\" alt=\"Lippenslaan, Winkelstraat in Knokke\" data-srcset=\"\"><meta itemprop=\"url\" content=\"https:\/\/www.duinzicht.nl\/wp-content\/uploads\/2017\/08\/knokke1-366x244.jpg\"><meta itemprop=\"width\" content=\"366px\"><meta itemprop=\"height\" content=\"244px\"><\/div><\/div><\/a><\/div><\/div><div class=\"tcol-lg-4 tcol-md-4 tcol-sm-4 tcol-xs-6 tcol-ss-12 g_item\"><div class=\"grid_item kt_item_fade_in kad_gallery_fade_in gallery_item\"><a href=\"https:\/\/www.duinzicht.nl\/wp-content\/uploads\/2017\/08\/Knokke2.jpg\" data-rel=\"lightbox\" class=\"lightboxhover\"><div class=\"kt-intrinsic\" style=\"padding-bottom:66.939890710383%;\"><div itemprop=\"image\" itemscope itemtype=\"https:\/\/schema.org\/ImageObject\"><img loading=\"lazy\" decoding=\"async\" width=\"366\" height=\"245\" src=\"https:\/\/www.duinzicht.nl\/wp-content\/uploads\/2017\/08\/Knokke2-366x245.jpg\" srcset=\"\" sizes=\"auto, (max-width: 366px) 100vw, 366px\" data-caption=\"\" class=\"light-dropshaddow\" itemprop=\"contentUrl\" alt=\"Casino Knokke\" data-srcset=\"\"><meta itemprop=\"url\" content=\"https:\/\/www.duinzicht.nl\/wp-content\/uploads\/2017\/08\/Knokke2-366x245.jpg\"><meta itemprop=\"width\" content=\"366px\"><meta itemprop=\"height\" content=\"245px\"><\/div><\/div><\/a><\/div><\/div><div class=\"tcol-lg-4 tcol-md-4 tcol-sm-4 tcol-xs-6 tcol-ss-12 g_item\"><div class=\"grid_item kt_item_fade_in kad_gallery_fade_in gallery_item\"><a href=\"https:\/\/www.duinzicht.nl\/wp-content\/uploads\/2017\/08\/knokke3.jpg\" data-rel=\"lightbox\" class=\"lightboxhover\"><div class=\"kt-intrinsic\" style=\"padding-bottom:66.939890710383%;\"><div itemprop=\"image\" itemscope itemtype=\"https:\/\/schema.org\/ImageObject\"><img loading=\"lazy\" decoding=\"async\" width=\"366\" height=\"245\" src=\"https:\/\/www.duinzicht.nl\/wp-content\/uploads\/2017\/08\/knokke3-366x245.jpg\" srcset=\"\" sizes=\"auto, (max-width: 366px) 100vw, 366px\" data-caption=\"\" class=\"light-dropshaddow\" itemprop=\"contentUrl\" alt=\"Zoute Rally Knokke\" data-srcset=\"\"><meta itemprop=\"url\" content=\"https:\/\/www.duinzicht.nl\/wp-content\/uploads\/2017\/08\/knokke3-366x245.jpg\"><meta itemprop=\"width\" content=\"366px\"><meta itemprop=\"height\" content=\"245px\"><\/div><\/div><\/a><\/div><\/div><\/div>\n<p><strong>Brugge:<\/strong><br \/>\nDie westfl\u00e4mische Stadt Br\u00fcgge ist eines der beliebtesten und romantischsten Ziele f\u00fcr St\u00e4dtereisen in Belgien. Seit Jahren besuchen Tausende von Touristen das historische Stadtzentrum, das seit 2000 zum UNESCO-Weltkulturerbe geh\u00f6rt.<br \/>\nBr\u00fcgge ist bekannt f\u00fcr sein historisches Stadtzentrum, eine gro\u00dfe Ansammlung von alten Stra\u00dfen, stimmungsvollen Pl\u00e4tzen und sch\u00f6nen Fassaden, die einen in fr\u00fchere Zeiten zu versetzen scheinen.<br \/>\nEin belgisches Bier auf einer Terrasse in der Stadt oder in einem typisch belgischen Caf\u00e9 zu trinken, ist nat\u00fcrlich ein Muss bei einem Besuch in dieser wunderbaren Stadt.<\/p>\n<div id=\"kad-wp-gallery337\" class=\"kad-wp-gallery gallery kt-gallery-column-3 init-isotope-intrinsic reinit-isotope kad-light-wp-gallery clearfix rowtight\" data-fade-in=\"1\" data-iso-selector=\".g_item\" data-iso-style=\"masonry\" data-iso-filter=\"false\"><div class=\"tcol-lg-4 tcol-md-4 tcol-sm-4 tcol-xs-6 tcol-ss-12 g_item\"><div class=\"grid_item kt_item_fade_in kad_gallery_fade_in gallery_item\"><a href=\"https:\/\/www.duinzicht.nl\/wp-content\/uploads\/2017\/08\/Brugge3.jpg\" data-rel=\"lightbox\" class=\"lightboxhover\"><div class=\"kt-intrinsic\" style=\"padding-bottom:66.666666666667%;\"><div itemprop=\"image\" itemscope itemtype=\"https:\/\/schema.org\/ImageObject\"><img loading=\"lazy\" decoding=\"async\" width=\"366\" height=\"244\" src=\"https:\/\/www.duinzicht.nl\/wp-content\/uploads\/2017\/08\/Brugge3-366x244.jpg\" srcset=\"\" sizes=\"auto, (max-width: 366px) 100vw, 366px\" data-caption=\"\" class=\"light-dropshaddow\" itemprop=\"contentUrl\" alt=\"Centrum Brugge\" data-srcset=\"\"><meta itemprop=\"url\" content=\"https:\/\/www.duinzicht.nl\/wp-content\/uploads\/2017\/08\/Brugge3-366x244.jpg\"><meta itemprop=\"width\" content=\"366px\"><meta itemprop=\"height\" content=\"244px\"><\/div><\/div><\/a><\/div><\/div><div class=\"tcol-lg-4 tcol-md-4 tcol-sm-4 tcol-xs-6 tcol-ss-12 g_item\"><div class=\"grid_item kt_item_fade_in kad_gallery_fade_in gallery_item\"><a href=\"https:\/\/www.duinzicht.nl\/wp-content\/uploads\/2017\/08\/brugge2.jpg\" data-rel=\"lightbox\" class=\"lightboxhover\"><div class=\"kt-intrinsic\" style=\"padding-bottom:66.666666666667%;\"><div itemprop=\"image\" itemscope itemtype=\"https:\/\/schema.org\/ImageObject\"><img loading=\"lazy\" decoding=\"async\" width=\"366\" height=\"244\" src=\"https:\/\/www.duinzicht.nl\/wp-content\/uploads\/2017\/08\/brugge2-366x244.jpg\" srcset=\"\" sizes=\"auto, (max-width: 366px) 100vw, 366px\" data-caption=\"\" class=\"light-dropshaddow\" itemprop=\"contentUrl\" alt=\"Oude binnenstad van Brugge\" data-srcset=\"\"><meta itemprop=\"url\" content=\"https:\/\/www.duinzicht.nl\/wp-content\/uploads\/2017\/08\/brugge2-366x244.jpg\"><meta itemprop=\"width\" content=\"366px\"><meta itemprop=\"height\" content=\"244px\"><\/div><\/div><\/a><\/div><\/div><div class=\"tcol-lg-4 tcol-md-4 tcol-sm-4 tcol-xs-6 tcol-ss-12 g_item\"><div class=\"grid_item kt_item_fade_in kad_gallery_fade_in gallery_item\"><a href=\"https:\/\/www.duinzicht.nl\/wp-content\/uploads\/2017\/08\/Brugge1.jpg\" data-rel=\"lightbox\" class=\"lightboxhover\"><div class=\"kt-intrinsic\" style=\"padding-bottom:66.666666666667%;\"><div itemprop=\"image\" itemscope itemtype=\"https:\/\/schema.org\/ImageObject\"><img loading=\"lazy\" decoding=\"async\" width=\"366\" height=\"244\" src=\"https:\/\/www.duinzicht.nl\/wp-content\/uploads\/2017\/08\/Brugge1-366x244.jpg\" srcset=\"\" sizes=\"auto, (max-width: 366px) 100vw, 366px\" data-caption=\"\" class=\"light-dropshaddow\" itemprop=\"contentUrl\" alt=\"Grachten in Brugge\" data-srcset=\"\"><meta itemprop=\"url\" content=\"https:\/\/www.duinzicht.nl\/wp-content\/uploads\/2017\/08\/Brugge1-366x244.jpg\"><meta itemprop=\"width\" content=\"366px\"><meta itemprop=\"height\" content=\"244px\"><\/div><\/div><\/a><\/div><\/div><\/div>","protected":false},"excerpt":{"rendered":"<p>OVER CADZAND-BAD Cadzand-Bad: Cadzand-Bad is een moderne badplaats in het zuidelijkste puntje van Nederland in Zeeuws-Vlaanderen. De badplaats in Nederland die bekend staat om haar ruime brede stranden, de haaientandjes die er gevonden worden en voor zonneliefhebbers de badplaats met &hellip; <a class=\"kt-excerpt-readmore\" href=\"https:\/\/www.duinzicht.nl\/de\/over-cadzand-bad\/\" aria-label=\"Over Cadzand-Bad\">Weiterlesen<\/a><\/p>","protected":false},"author":1,"featured_media":0,"parent":0,"menu_order":0,"comment_status":"closed","ping_status":"closed","template":"page-fullwidth.php","meta":{"om_disable_all_campaigns":false,"kt_blocks_editor_width":"","_monsterinsights_skip_tracking":false,"_monsterinsights_sitenote_active":false,"_monsterinsights_sitenote_note":"","_monsterinsights_sitenote_category":0,"_uf_show_specific_survey":0,"_uf_disable_surveys":false,"footnotes":""},"class_list":["post-15566","page","type-page","status-publish","hentry"],"aioseo_notices":[],"_links":{"self":[{"href":"https:\/\/www.duinzicht.nl\/de\/wp-json\/wp\/v2\/pages\/15566","targetHints":{"allow":["GET"]}}],"collection":[{"href":"https:\/\/www.duinzicht.nl\/de\/wp-json\/wp\/v2\/pages"}],"about":[{"href":"https:\/\/www.duinzicht.nl\/de\/wp-json\/wp\/v2\/types\/page"}],"author":[{"embeddable":true,"href":"https:\/\/www.duinzicht.nl\/de\/wp-json\/wp\/v2\/users\/1"}],"replies":[{"embeddable":true,"href":"https:\/\/www.duinzicht.nl\/de\/wp-json\/wp\/v2\/comments?post=15566"}],"version-history":[{"count":4,"href":"https:\/\/www.duinzicht.nl\/de\/wp-json\/wp\/v2\/pages\/15566\/revisions"}],"predecessor-version":[{"id":23359,"href":"https:\/\/www.duinzicht.nl\/de\/wp-json\/wp\/v2\/pages\/15566\/revisions\/23359"}],"wp:attachment":[{"href":"https:\/\/www.duinzicht.nl\/de\/wp-json\/wp\/v2\/media?parent=15566"}],"curies":[{"name":"wp","href":"https:\/\/api.w.org\/{rel}","templated":true}]}}